{"id":22,"date":"2023-01-16T08:54:00","date_gmt":"2023-01-16T08:54:00","guid":{"rendered":"https:\/\/4missiondesign.com.pl\/?page_id=22"},"modified":"2023-01-24T10:41:15","modified_gmt":"2023-01-24T10:41:15","slug":"interior-design","status":"publish","type":"page","link":"https:\/\/4missiondesign.com.pl\/en\/projektowanie-wnetrz\/","title":{"rendered":"Interiors"},"content":{"rendered":"<div data-elementor-type=\"wp-page\" data-elementor-id=\"22\" class=\"elementor elementor-22\" data-elementor-post-type=\"page\">\n\t\t\t\t\t\t<section class=\"elementor-section elementor-top-section elementor-element elementor-element-89a1c9f elementor-section-height-min-height elementor-section-items-stretch elementor-reverse-tablet elementor-reverse-mobile_extra elementor-reverse-mobile elementor-section-boxed elementor-section-height-default elementor-invisible\" data-id=\"89a1c9f\" data-element_type=\"section\" data-e-type=\"section\" data-settings=\"{&quot;background_background&quot;:&quot;classic&quot;,&quot;animation&quot;:&quot;fadeInDown&quot;}\">\n\t\t\t\t\t\t\t<div class=\"elementor-background-overlay\"><\/div>\n\t\t\t\t\t\t\t<div class=\"elementor-container elementor-column-gap-wider\">\n\t\t\t\t\t<div class=\"elementor-column elementor-col-50 elementor-top-column elementor-element elementor-element-0fb4514\" data-id=\"0fb4514\" data-element_type=\"column\" data-e-type=\"column\" data-settings=\"{&quot;background_background&quot;:&quot;classic&quot;}\">\n\t\t\t<div class=\"elementor-widget-wrap elementor-element-populated\">\n\t\t\t\t\t\t<div class=\"elementor-element elementor-element-523de12 animated-fast elementor-invisible elementor-widget elementor-widget-heading\" data-id=\"523de12\" data-element_type=\"widget\" data-e-type=\"widget\" data-settings=\"{&quot;_animation&quot;:&quot;fadeInUp&quot;,&quot;_animation_delay&quot;:200}\" data-widget_type=\"heading.default\">\n\t\t\t\t<div class=\"elementor-widget-container\">\n\t\t\t\t\t<h2 class=\"elementor-heading-title elementor-size-default\">Showroom, interior<\/h2>\t\t\t\t<\/div>\n\t\t\t\t<\/div>\n\t\t\t\t<div class=\"elementor-element elementor-element-90edd86 elementor-widget elementor-widget-heading\" data-id=\"90edd86\" data-element_type=\"widget\" data-e-type=\"widget\" data-widget_type=\"heading.default\">\n\t\t\t\t<div class=\"elementor-widget-container\">\n\t\t\t\t\t<div class=\"elementor-heading-title elementor-size-default\">4MISSIONdesign is also <h1 class=\"linia par\">interior design<\/h1><p class=\"par\">. The goal of each of our projects is to build stylish and comfortable spaces that give joy to their owners.<\/div>\t\t\t\t<\/div>\n\t\t\t\t<\/div>\n\t\t\t\t<div class=\"elementor-element elementor-element-0669ad7 elementor-widget elementor-widget-heading\" data-id=\"0669ad7\" data-element_type=\"widget\" data-e-type=\"widget\" data-widget_type=\"heading.default\">\n\t\t\t\t<div class=\"elementor-widget-container\">\n\t\t\t\t\t<div class=\"elementor-heading-title elementor-size-default\">Touching its interior, 4MISSIONdesign not only tends to respect trends, but also wants to create them anew in its spaces, giving opportunities to create thoughts, personality, and make dreams come true. Sitting on a sofa surrounded by silence, 4missiondesign allows you to let your imagination run wild. Today, the interior expresses the owner, today everything is possible.<\/div>\t\t\t\t<\/div>\n\t\t\t\t<\/div>\n\t\t\t\t<div class=\"elementor-element elementor-element-6165544 elementor-widget__width-auto animated-fast elementor-invisible elementor-widget elementor-widget-button\" data-id=\"6165544\" data-element_type=\"widget\" data-e-type=\"widget\" data-settings=\"{&quot;_animation&quot;:&quot;fadeInUp&quot;,&quot;_animation_delay&quot;:600}\" data-widget_type=\"button.default\">\n\t\t\t\t<div class=\"elementor-widget-container\">\n\t\t\t\t\t\t\t\t\t<div class=\"elementor-button-wrapper\">\n\t\t\t\t\t<a class=\"elementor-button elementor-button-link elementor-size-sm elementor-animation-shrink\" href=\"http:\/\/interiors.4missiondesign.com.pl\/\">\n\t\t\t\t\t\t<span class=\"elementor-button-content-wrapper\">\n\t\t\t\t\t\t\t\t\t<span class=\"elementor-button-text\">Go to the website<\/span>\n\t\t\t\t\t<\/span>\n\t\t\t\t\t<\/a>\n\t\t\t\t<\/div>\n\t\t\t\t\t\t\t\t<\/div>\n\t\t\t\t<\/div>\n\t\t\t\t\t<\/div>\n\t\t<\/div>\n\t\t\t\t<div class=\"elementor-column elementor-col-50 elementor-top-column elementor-element elementor-element-db9cf8e\" data-id=\"db9cf8e\" data-element_type=\"column\" data-e-type=\"column\">\n\t\t\t<div class=\"elementor-widget-wrap elementor-element-populated\">\n\t\t\t\t\t\t<div class=\"elementor-element elementor-element-af6caf0 elementor-widget elementor-widget-spacer\" data-id=\"af6caf0\" data-element_type=\"widget\" data-e-type=\"widget\" data-widget_type=\"spacer.default\">\n\t\t\t\t<div class=\"elementor-widget-container\">\n\t\t\t\t\t\t\t<div class=\"elementor-spacer\">\n\t\t\t<div class=\"elementor-spacer-inner\"><\/div>\n\t\t<\/div>\n\t\t\t\t\t\t<\/div>\n\t\t\t\t<\/div>\n\t\t\t\t\t<\/div>\n\t\t<\/div>\n\t\t\t\t\t<\/div>\n\t\t<\/section>\n\t\t\t\t<\/div>","protected":false},"excerpt":{"rendered":"<p>Showroom, interior 4MISSIONdesign to r\u00f3wnie\u017c projektowanie wn\u0119trz . Celem ka\u017cdego naszego projektu jest zbudowanie przestrzeni stylowych i komfortowych, daj\u0105cych rado\u015b\u0107 ich w\u0142a\u015bcicielom. Dotykaj\u0105c swojego wn\u0119trza, 4MISSIONdesign nie tylko sk\u0142ania si\u0119 ku poszanowaniu trend\u00f3w, ale pragnie je tworzy\u0107 w swoich przestrzeniach na nowo, daj\u0105c szanse kreowaniu my\u015bli, osobowo\u015bci, urzeczywistniania marze\u0144. Zasiadaj\u0105c na sofie w otoczeniu ciszy, [&hellip;]<\/p>\n","protected":false},"author":1,"featured_media":0,"parent":0,"menu_order":0,"comment_status":"closed","ping_status":"closed","template":"","meta":{"footnotes":""},"class_list":["post-22","page","type-page","status-publish","hentry"],"_links":{"self":[{"href":"https:\/\/4missiondesign.com.pl\/en\/wp-json\/wp\/v2\/pages\/22","targetHints":{"allow":["GET"]}}],"collection":[{"href":"https:\/\/4missiondesign.com.pl\/en\/wp-json\/wp\/v2\/pages"}],"about":[{"href":"https:\/\/4missiondesign.com.pl\/en\/wp-json\/wp\/v2\/types\/page"}],"author":[{"embeddable":true,"href":"https:\/\/4missiondesign.com.pl\/en\/wp-json\/wp\/v2\/users\/1"}],"replies":[{"embeddable":true,"href":"https:\/\/4missiondesign.com.pl\/en\/wp-json\/wp\/v2\/comments?post=22"}],"version-history":[{"count":34,"href":"https:\/\/4missiondesign.com.pl\/en\/wp-json\/wp\/v2\/pages\/22\/revisions"}],"predecessor-version":[{"id":1367,"href":"https:\/\/4missiondesign.com.pl\/en\/wp-json\/wp\/v2\/pages\/22\/revisions\/1367"}],"wp:attachment":[{"href":"https:\/\/4missiondesign.com.pl\/en\/wp-json\/wp\/v2\/media?parent=22"}],"curies":[{"name":"wp","href":"https:\/\/api.w.org\/{rel}","templated":true}]}}